{"id":2139,"date":"2020-04-19T15:04:50","date_gmt":"2020-04-19T15:04:50","guid":{"rendered":"http:\/\/thyregodgymnastikforening.dk\/?page_id=2139"},"modified":"2025-03-23T21:06:06","modified_gmt":"2025-03-23T20:06:06","slug":"vedtaegter-for-tgf","status":"publish","type":"page","link":"https:\/\/thyregodgymnastikforening.dk\/index.php\/vedtaegter-for-tgf\/","title":{"rendered":"Vedt\u00e6gter for TGF"},"content":{"rendered":"<div class=\"fusion-fullwidth fullwidth-box fusion-builder-row-1 nonhundred-percent-fullwidth non-hundred-percent-height-scrolling fusion-equal-height-columns\" style=\"--awb-background-position:center top;--awb-border-radius-top-left:0px;--awb-border-radius-top-right:0px;--awb-border-radius-bottom-right:0px;--awb-border-radius-bottom-left:0px;--awb-border-sizes-top:0px;--awb-border-sizes-bottom:0px;--awb-flex-wrap:wrap;\" ><div class=\"fusion-builder-row fusion-row\"><div class=\"fusion-layout-column fusion_builder_column fusion-builder-column-0 fusion_builder_column_1_1 1_1 fusion-one-full fusion-column-first fusion-column-last\" style=\"--awb-padding-top:30px;--awb-padding-right:30px;--awb-padding-bottom:30px;--awb-padding-left:60px;--awb-bg-color:#ffffff;--awb-bg-color-hover:#ffffff;--awb-bg-size:cover;--awb-margin-top:0px;--awb-margin-bottom:0px;\"><div class=\"fusion-column-wrapper fusion-flex-column-wrapper-legacy\"><div class=\"fusion-column-content-centered\"><div class=\"fusion-column-content\"><div class=\"fusion-sep-clear\"><\/div><div class=\"fusion-separator fusion-full-width-sep\" style=\"margin-left: auto;margin-right: auto;margin-top:20px;width:100%;\"><\/div><div class=\"fusion-sep-clear\"><\/div><div class=\"fusion-title title fusion-title-1 fusion-sep-none fusion-title-center fusion-title-text fusion-title-size-two\" style=\"--awb-text-color:#54752c;--awb-margin-top-small:0px;--awb-margin-right-small:0px;--awb-margin-bottom-small:20px;--awb-margin-left-small:0px;\"><h2 class=\"fusion-title-heading title-heading-center fusion-responsive-typography-calculated\" style=\"margin:0;--fontSize:34;line-height:1.47;\"><div style=\"text-align: left;\"><span style=\"font-family: var(--h2_typography-font-family); font-size: var(--h2_typography-font-size); font-style: var(--h2_typography-font-style,normal); font-weight: var(--h2_typography-font-weight); letter-spacing: var(--h2_typography-letter-spacing);\">VEDT\u00c6GTER FOR TGF<\/span><\/div><\/h2><\/div><div class=\"fusion-text fusion-text-1\"><p><strong>Vedt\u00e6gter for TGF<\/strong><\/p>\n<p><strong>\u00a7 1\u00a0Navn og hjemsted<\/strong><br \/>\nForeningens navn er Thyregod Gymnastikforening og er hjemmeh\u00f8rende i Vejle kommune.<br \/>\n<strong>\u00a7 2 Form\u00e5l<\/strong><br \/>\nForeningens form\u00e5l er, gennem gymnastik og anden kulturel virksomhed at fremme den enkeltes<br \/>\nog f\u00e6llesskabets sundhed og trivsel.<br \/>\n<strong>\u00a7 3 Medlemsforhold<\/strong><br \/>\nSom medlemmer kan optages alle, der tilslutter sig foreningens form\u00e5l. Man er medlem af<br \/>\nforeningen, n\u00e5r man har betalt kontingent for s\u00e6sonen.<br \/>\nBestyrelsen har ret til at udelukke et medlem, n\u00e5r den sk\u00f8nner, der er grund dertil. Den udelukkede<br \/>\nhar ret til at f\u00e5 sin sag taget op p\u00e5 den f\u00f8lgende ordin\u00e6re generalforsamling.<br \/>\n<strong>\u00a7 4 Generalforsamling<\/strong><br \/>\nForeningens \u00f8verste myndighed er generalforsamlingen.<br \/>\nDen ordin\u00e6re generalforsamling afholdes senest 30. april.<br \/>\nIndkaldelsen til generalforsamlingen sendes direkte til medlemmerne via foreningens<br \/>\nadministrationssystem, p\u00e5 foreningens hjemmeside og dens sociale medier. Medlemmerne skal<br \/>\nmodtage indkaldelsen mindst 14 dage f\u00f8r generalforsamlingen.<br \/>\nIndkomne forslag skal v\u00e6re bestyrelsen i h\u00e6nde senest 8 dage f\u00f8r generalforsamlingen.<br \/>\nDagsorden skal omfatte:<\/p>\n<p>1. Valg af dirigent og stemmet\u00e6llere.<br \/>\n2. Bestyrelsens beretning og planer for den kommende s\u00e6son.<br \/>\n3. Freml\u00e6ggelse af regnskab til godkendelse.<br \/>\n4. Indkomne forslag.<br \/>\n5. Valg til bestyrelsen &#8211; inkl. valg af suppleant.<br \/>\n6. Valg af revisor.<br \/>\n7. Eventuelt.<\/p>\n<p>Kun fremm\u00f8dte medlemmer, der er fyldt 16 \u00e5r, for\u00e6ldre til medlemmer under 16 \u00e5r, instrukt\u00f8rer<br \/>\nsamt medlemmer af bestyrelsen, har stemmeret. For\u00e6ldre til medlemmer under 16 \u00e5r har en<br \/>\nstemme pr. husstand, uanset hvor mange b\u00f8rn i husstanden, der er medlem af foreningen.<br \/>\nValgbare til bestyrelsen er alle medlemmer over 18 \u00e5r.<br \/>\nP\u00e5 generalforsamlingen afg\u00f8res alle sager ved almindeligt stemmeflertal (over halvdelen).<br \/>\nAfstemninger sker ved h\u00e5ndsopr\u00e6kning, med mindre der kr\u00e6ves skriftlig afstemning.<br \/>\n<strong>\u00a7\u00a05 Ekstraordin\u00e6r generalforsamling<\/strong><br \/>\nEkstraordin\u00e6r generalforsamling skal afholdes, n\u00e5r flertallet af bestyrelsen finder det n\u00f8dvendigt,<br \/>\neller n\u00e5r mindst \u00bc af foreningens medlemmer over 16 \u00e5r stiller skriftligt begrundet krav herom med<br \/>\nforslag til dagsorden.<br \/>\nEkstraordin\u00e6r generalforsamling skal afholdes senest 4 uger efter at kravet er modtaget, og<br \/>\nindkaldelsen sker direkte til medlemmerne,\u00a0med angivelse af dagsorden med mindst 7 dages<br \/>\nvarsel.<br \/>\nDen ekstraordin\u00e6re generalforsamling er beslutningsdygtig uanset antallet af fremm\u00f8dte<br \/>\nstemmeberettigede.<\/p>\n<p><strong>\u00a7 6 Bestyrelsen<\/strong><br \/>\nForeningens daglige ledelse varetages af en bestyrelse, der repr\u00e6senterer foreningen i alle<br \/>\nforhold.<br \/>\nBestyrelsen best\u00e5r af 3 &#8211; 5 medlemmer. Medlemmerne v\u00e6lges for 1 \u00e5r p\u00e5 den ordin\u00e6re<br \/>\ngeneralforsamling. Der v\u00e6lges en suppleant til bestyrelsen for 1 \u00e5r.<br \/>\nBestyrelsen konstituerer sig selv med en formand og en kasserer.<br \/>\nBestyrelsen kan neds\u00e6tte udvalg til l\u00f8sning af s\u00e6rlige opgaver.<br \/>\nBestyrelsen fasts\u00e6tter selv sin forretningsorden.<br \/>\nBeslutninger afg\u00f8res ved stemmeflertal. For at bestyrelsen er beslutningsdygtig, skal mindst 2\/3 af<br \/>\nbestyrelsen v\u00e6re til stede.<br \/>\nBestyrelsen skal f\u00f8re referat over alle sine m\u00f8der, generalforsamlingen og andre vigtige<br \/>\nbegivenheder i foreningen.<br \/>\n<strong>\u00a7 7 \u00d8konomi<\/strong><br \/>\nRegnskabs\u00e5ret g\u00e5r fra 1. april til 31. marts og afsluttes hvert \u00e5r med status over foreningens aktiver<br \/>\nog passiver. Status og det reviderede regnskab freml\u00e6gges p\u00e5 generalforsamlingen.<br \/>\nRegnskabet revideres af en revisor valgt for 1 \u00e5r. Regnskabet skal indleveres til revision senest 7<br \/>\ndage f\u00f8r generalforsamlingen.<br \/>\nRegnskab underskrives af den samlede bestyrelse og suppleres med p\u00e5tegning af revisoren.<br \/>\nKontingent fasts\u00e6ttes af bestyrelsen.<br \/>\n<strong>\u00a7 8 Tegningsret<\/strong><br \/>\nForeningen tegnes af formanden og et andet medlem af bestyrelsen i f\u00e6llesskab. I tilf\u00e6lde af<br \/>\nformandens frav\u00e6r tegnes foreningen af\u00a02 medlemmer af bestyrelsen.<br \/>\nBestyrelsen kan meddele enhver n\u00f8dvendig fuldmagt.<br \/>\n<strong>\u00a7 9 H\u00e6ftelse<\/strong><br \/>\nForeningens bestyrelse og medlemmer h\u00e6fter ikke personligt for de af foreningen indg\u00e5ede<br \/>\nforpligtelser, for hvilke alene foreningen h\u00e6fter med dens formue.<br \/>\nMedlemmer af foreningen har ikke krav p\u00e5 nogen del af foreningens formue eller udbytte af nogen<br \/>\nart.<br \/>\n<strong>\u00a7 10 Vedt\u00e6gts\u00e6ndringer<\/strong><br \/>\nForslag til vedt\u00e6gts\u00e6ndringer skal v\u00e6re bestyrelsen i h\u00e6nde senest 3 uge f\u00f8r<br \/>\ngeneralforsamlingen. Forslaget til vedt\u00e6gts\u00e6ndringer udsendes sammen med invitationen til<br \/>\ngeneralforsamlingen.<br \/>\n\u00c6ndringer vedtages med 2\/3 stemmeflertal p\u00e5 generalforsamlingen.<br \/>\n<strong>\u00a7 11 Opl\u00f8sning<\/strong><br \/>\nOpl\u00f8sning af foreningen skal ske p\u00e5 en generalforsamling, og kan ved en afstemning vedtages,<br \/>\nn\u00e5r 2\/3 af fremm\u00f8dte stemmeberettigede medlemmer stemmer herfor.<br \/>\nVed opl\u00f8sning af foreningen skal foreningens eventuelle overskud tilfalde en eller flere foreninger,<br \/>\nhvis form\u00e5l er at fremme gymnastik og idr\u00e6t i Thyregod.<\/p>\n<\/div><\/div><\/div><div class=\"fusion-clearfix\"><\/div><\/div><\/div><\/div><\/div>\n","protected":false},"excerpt":{"rendered":"","protected":false},"author":1,"featured_media":0,"parent":0,"menu_order":0,"comment_status":"closed","ping_status":"closed","template":"100-width.php","meta":{"footnotes":""},"class_list":["post-2139","page","type-page","status-publish","hentry"],"_links":{"self":[{"href":"https:\/\/thyregodgymnastikforening.dk\/index.php\/wp-json\/wp\/v2\/pages\/2139","targetHints":{"allow":["GET"]}}],"collection":[{"href":"https:\/\/thyregodgymnastikforening.dk\/index.php\/wp-json\/wp\/v2\/pages"}],"about":[{"href":"https:\/\/thyregodgymnastikforening.dk\/index.php\/wp-json\/wp\/v2\/types\/page"}],"author":[{"embeddable":true,"href":"https:\/\/thyregodgymnastikforening.dk\/index.php\/wp-json\/wp\/v2\/users\/1"}],"replies":[{"embeddable":true,"href":"https:\/\/thyregodgymnastikforening.dk\/index.php\/wp-json\/wp\/v2\/comments?post=2139"}],"version-history":[{"count":9,"href":"https:\/\/thyregodgymnastikforening.dk\/index.php\/wp-json\/wp\/v2\/pages\/2139\/revisions"}],"predecessor-version":[{"id":3256,"href":"https:\/\/thyregodgymnastikforening.dk\/index.php\/wp-json\/wp\/v2\/pages\/2139\/revisions\/3256"}],"wp:attachment":[{"href":"https:\/\/thyregodgymnastikforening.dk\/index.php\/wp-json\/wp\/v2\/media?parent=2139"}],"curies":[{"name":"wp","href":"https:\/\/api.w.org\/{rel}","templated":true}]}}